{"id":628,"date":"2022-01-19T09:40:52","date_gmt":"2022-01-19T09:40:52","guid":{"rendered":"https:\/\/startersites.io\/stagingthree\/?page_id=628"},"modified":"2025-05-01T11:15:53","modified_gmt":"2025-05-01T16:15:53","slug":"about-me","status":"publish","type":"page","link":"https:\/\/whattowearstudio.com\/index.php\/about-me\/","title":{"rendered":"About Me"},"content":{"rendered":"\n<div class=\"wp-block-stackable-columns stk-block-columns stk-block stk-077230c\" data-block-id=\"077230c\"><style>.stk-077230c {margin-bottom:0px !important;}<\/style><div class=\"stk-row stk-inner-blocks stk-block-content stk-content-align stk-077230c-column\">\n<div class=\"wp-block-stackable-column stk-block-column stk-column stk-block stk-b1b4b7a\" data-v=\"4\" data-block-id=\"b1b4b7a\"><style>@media screen and (min-width:690px){.stk-b1b4b7a {flex:var(--stk-flex-grow, 1) 1 calc(25% - var(--stk-column-gap, 0px) * 3 \/ 4 ) !important;}}<\/style><div class=\"stk-column-wrapper stk-block-column__content stk-container stk-b1b4b7a-container stk--no-background stk--no-padding\"><div class=\"stk-block-content stk-inner-blocks stk-b1b4b7a-inner-blocks\"><\/div><\/div><\/div>\n\n\n\n<div class=\"wp-block-stackable-column stk-block-column stk-column stk-block stk-6a172ab\" data-v=\"4\" data-block-id=\"6a172ab\"><style>@media screen and (min-width:690px){.stk-6a172ab {flex:var(--stk-flex-grow, 1) 1 calc(30.90000000000002% - var(--stk-column-gap, 0px) * 3 \/ 4 ) !important;}}<\/style><div class=\"stk-column-wrapper stk-block-column__content stk-container stk-6a172ab-container stk--no-background stk--no-padding\"><div class=\"stk-block-content stk-inner-blocks stk-6a172ab-inner-blocks\"><\/div><\/div><\/div>\n\n\n\n<div class=\"wp-block-stackable-column stk-block-column stk-column stk-block stk-6484cb9\" data-v=\"4\" data-block-id=\"6484cb9\"><style>@media screen and (min-width:690px){.stk-6484cb9 {flex:var(--stk-flex-grow, 1) 1 calc(40.9% - var(--stk-column-gap, 0px) * 3 \/ 4 ) !important;}}<\/style><div class=\"stk-column-wrapper stk-block-column__content stk-container stk-6484cb9-container stk--no-background stk--no-padding\"><div class=\"stk-block-content stk-inner-blocks stk-6484cb9-inner-blocks\">\n<div class=\"wp-block-stackable-heading stk-block-heading stk-block-heading--v2 stk-block stk-ed8c5c8\" id=\"span-style-color-var-theme-palette-color-10-940303-class-stk-highlight-como-agendar-tu-sesion-span\" data-block-id=\"ed8c5c8\"><style>.stk-ed8c5c8 {min-height:130px !important;align-items:center !important;max-width:1500px !important;min-width:auto !important;margin-bottom:0px !important;display:flex !important;}<\/style><h2 class=\"stk-block-heading__text has-text-align-center\">Valentina Diazayas<\/h2><\/div>\n<\/div><\/div><\/div>\n\n\n\n<div class=\"wp-block-stackable-column stk-block-column stk-column stk-block stk-54e29ce\" data-v=\"4\" data-block-id=\"54e29ce\"><style>@media screen and (min-width:690px){.stk-54e29ce {flex:var(--stk-flex-grow, 1) 1 calc(3.2% - var(--stk-column-gap, 0px) * 3 \/ 4 ) !important;}}<\/style><div class=\"stk-column-wrapper stk-block-column__content stk-container stk-54e29ce-container stk--no-background stk--no-padding\"><div class=\"stk-block-content stk-inner-blocks stk-54e29ce-inner-blocks\"><\/div><\/div><\/div>\n<\/div><\/div>\n\n\n\n<div class=\"wp-block-stackable-columns stk-block-columns stk-block stk-e9fb440\" data-block-id=\"e9fb440\"><style>.stk-e9fb440 {margin-bottom:0px !important;}.stk-e9fb440-column{--stk-column-gap:30px !important;}@media screen and (max-width:689px){.stk-e9fb440-column{row-gap:50px !important;}}<\/style><div class=\"stk-row stk-inner-blocks stk-block-content stk-content-align stk-e9fb440-column\">\n<div class=\"wp-block-stackable-column stk-block-column stk-column stk-block stk-3d0787d\" data-v=\"4\" data-block-id=\"3d0787d\"><style>.stk-3d0787d-container{margin-top:0px !important;margin-right:0px !important;margin-bottom:0px !important;margin-left:0px !important;}<\/style><div class=\"stk-column-wrapper stk-block-column__content stk-container stk-3d0787d-container stk--no-background stk--no-padding\"><div class=\"stk-block-content stk-inner-blocks stk-3d0787d-inner-blocks\">\n<div class=\"wp-block-stackable-image-box stk-block-image-box stk-hover-parent stk-block stk-6a4571d is-style-default\" data-block-id=\"6a4571d\"><div class=\"stk-block-content stk-inner-blocks has-text-align-center stk-row stk-block-image-box__content\">\n<div class=\"wp-block-stackable-image stk-block-image stk-block stk-8f83307\" data-block-id=\"8f83307\"><style>.stk-8f83307 .stk-img-wrapper{width:100% !important;height:450px !important;}:where(.stk-hover-parent:hover,  .stk-hover-parent.stk--is-hovered) .stk-8f83307 .stk-img-wrapper::after{background-color:#000000B3 !important;}<\/style><figure><span class=\"stk-img-wrapper stk-image--shape-stretch\"><img loading=\"lazy\" decoding=\"async\" class=\"stk-img wp-image-822\" src=\"https:\/\/whattowearstudio.com\/wp-content\/uploads\/2025\/04\/Captura-de-pantalla-2025-04-30-a-las-15.47.17.png\" width=\"906\" height=\"1244\" srcset=\"https:\/\/whattowearstudio.com\/wp-content\/uploads\/2025\/04\/Captura-de-pantalla-2025-04-30-a-las-15.47.17.png 906w, https:\/\/whattowearstudio.com\/wp-content\/uploads\/2025\/04\/Captura-de-pantalla-2025-04-30-a-las-15.47.17-218x300.png 218w, https:\/\/whattowearstudio.com\/wp-content\/uploads\/2025\/04\/Captura-de-pantalla-2025-04-30-a-las-15.47.17-746x1024.png 746w, https:\/\/whattowearstudio.com\/wp-content\/uploads\/2025\/04\/Captura-de-pantalla-2025-04-30-a-las-15.47.17-768x1055.png 768w, https:\/\/whattowearstudio.com\/wp-content\/uploads\/2025\/04\/Captura-de-pantalla-2025-04-30-a-las-15.47.17-300x412.png 300w, https:\/\/whattowearstudio.com\/wp-content\/uploads\/2025\/04\/Captura-de-pantalla-2025-04-30-a-las-15.47.17-600x824.png 600w\" sizes=\"auto, (max-width: 906px) 100vw, 906px\" \/><\/span><\/figure><\/div>\n<\/div><\/div>\n<\/div><\/div><\/div>\n\n\n\n<div class=\"wp-block-stackable-column stk-block-column stk-column stk-block stk-ec967e2\" data-v=\"4\" data-block-id=\"ec967e2\"><style>.stk-ec967e2-container{margin-top:0px !important;margin-right:0px !important;margin-bottom:0px !important;margin-left:0px !important;}<\/style><div class=\"stk-column-wrapper stk-block-column__content stk-container stk-ec967e2-container stk--no-background stk--no-padding\"><div class=\"stk-block-content stk-inner-blocks stk-ec967e2-inner-blocks\">\n<div class=\"wp-block-stackable-text stk-block-text stk-block stk-9c24568\" data-block-id=\"9c24568\"><style>.stk-9c24568 {margin-bottom:84px !important;}<\/style><p class=\"stk-block-text__text has-text-align-justify has-text-align-center-mobile\">Soy asesora de imagen personal y apasionada por la moda.<br>Me encanta ayudar a las personas a sentirse c\u00f3modas, seguras y aut\u00e9nticas con lo que usan.<br><br>Creo que la ropa no solo es algo que usamos, sino que tambi\u00e9n es una forma de mostrar qui\u00e9nes somos.&nbsp;<br>No busco transformarte, sino ayudarte a encontrar un estilo que se sienta real, f\u00e1cil y muy t\u00fa.<br><br>Mi misi\u00f3n es que disfrutes cada vez que te vistas, que uses tu imagen como una herramienta para expresarte y cumplir tus objetivos.<br><br>Estoy aqu\u00ed para ayudarte a construir un estilo que se adapte a tu vida, que te potencie y te haga sentir bien, todos los d\u00edas.<\/p><\/div>\n\n\n\n<div class=\"wp-block-stackable-columns stk-block-columns stk-block stk-097fe58\" data-block-id=\"097fe58\"><style>.stk-097fe58 {margin-bottom:14px !important;}<\/style><div class=\"stk-row stk-inner-blocks stk-block-content stk-content-align stk-097fe58-column\">\n<div class=\"wp-block-stackable-column stk-block-column stk-column stk-block stk-ce25486\" data-v=\"4\" data-block-id=\"ce25486\"><style>@media screen and (min-width:690px){.stk-ce25486 {flex:var(--stk-flex-grow, 1) 1 calc(43.766999999999996% - var(--stk-column-gap, 0px) * 2 \/ 3 ) !important;}}<\/style><div class=\"stk-column-wrapper stk-block-column__content stk-container stk-ce25486-container stk--no-background stk--no-padding\"><div class=\"stk-block-content stk-inner-blocks stk-ce25486-inner-blocks\"><\/div><\/div><\/div>\n\n\n\n<div class=\"wp-block-stackable-column stk-block-column stk-column stk-block stk-57a754d\" data-v=\"4\" data-block-id=\"57a754d\"><style>@media screen and (min-width:690px){.stk-57a754d {flex:var(--stk-flex-grow, 1) 1 calc(22.9% - var(--stk-column-gap, 0px) * 2 \/ 3 ) !important;}}<\/style><div class=\"stk-column-wrapper stk-block-column__content stk-container stk-57a754d-container stk--no-background stk--no-padding\"><div class=\"stk-block-content stk-inner-blocks stk-57a754d-inner-blocks\">\n<figure class=\"wp-block-image size-full\"><img loading=\"lazy\" decoding=\"async\" width=\"512\" height=\"512\" src=\"https:\/\/whattowearstudio.com\/wp-content\/uploads\/2025\/04\/cropped-ChatGPT-Image-30-abr-2025-09_52_30-p.m.png\" alt=\"\" class=\"wp-image-858\" srcset=\"https:\/\/whattowearstudio.com\/wp-content\/uploads\/2025\/04\/cropped-ChatGPT-Image-30-abr-2025-09_52_30-p.m.png 512w, https:\/\/whattowearstudio.com\/wp-content\/uploads\/2025\/04\/cropped-ChatGPT-Image-30-abr-2025-09_52_30-p.m-300x300.png 300w, https:\/\/whattowearstudio.com\/wp-content\/uploads\/2025\/04\/cropped-ChatGPT-Image-30-abr-2025-09_52_30-p.m-150x150.png 150w, https:\/\/whattowearstudio.com\/wp-content\/uploads\/2025\/04\/cropped-ChatGPT-Image-30-abr-2025-09_52_30-p.m-100x100.png 100w, https:\/\/whattowearstudio.com\/wp-content\/uploads\/2025\/04\/cropped-ChatGPT-Image-30-abr-2025-09_52_30-p.m-270x270.png 270w, https:\/\/whattowearstudio.com\/wp-content\/uploads\/2025\/04\/cropped-ChatGPT-Image-30-abr-2025-09_52_30-p.m-192x192.png 192w, https:\/\/whattowearstudio.com\/wp-content\/uploads\/2025\/04\/cropped-ChatGPT-Image-30-abr-2025-09_52_30-p.m-180x180.png 180w, https:\/\/whattowearstudio.com\/wp-content\/uploads\/2025\/04\/cropped-ChatGPT-Image-30-abr-2025-09_52_30-p.m-32x32.png 32w\" sizes=\"auto, (max-width: 512px) 100vw, 512px\" \/><\/figure>\n<\/div><\/div><\/div>\n\n\n\n<div class=\"wp-block-stackable-column stk-block-column stk-column stk-block stk-2190cfb\" data-v=\"4\" data-block-id=\"2190cfb\"><style>@media screen and (min-width:690px){.stk-2190cfb {flex:var(--stk-flex-grow, 1) 1 calc(33.333% - var(--stk-column-gap, 0px) * 2 \/ 3 ) !important;}}<\/style><div class=\"stk-column-wrapper stk-block-column__content stk-container stk-2190cfb-container stk--no-background stk--no-padding\"><div class=\"stk-block-content stk-inner-blocks stk-2190cfb-inner-blocks\"><\/div><\/div><\/div>\n<\/div><\/div>\n<\/div><\/div><\/div>\n<\/div><\/div>\n\n\n\n<div class=\"wp-block-stackable-spacer stk-block-spacer stk--no-padding stk-block stk-0f07c80\" data-block-id=\"0f07c80\"><style>.stk-0f07c80 {height:7px !important;}@media screen and (max-width:999px){.stk-0f07c80 {height:80px !important;}}@media screen and (max-width:689px){.stk-0f07c80 {height:50px !important;}}<\/style><\/div>\n\n\n\n<div class=\"wp-block-stackable-heading stk-block-heading stk-block-heading--v2 stk-block stk-9a4751d\" id=\"span-style-color-var-theme-palette-color-10-940303-class-stk-highlight-como-agendar-tu-sesion-span\" data-block-id=\"9a4751d\"><style>.stk-9a4751d {min-height:130px !important;align-items:center !important;max-width:1500px !important;min-width:auto !important;margin-bottom:0px !important;display:flex !important;}<\/style><h3 class=\"stk-block-heading__text has-text-align-center\">Redes Sociales<\/h3><\/div>\n\n\n\n<div class=\"wp-block-stackable-button-group alignfull stk-block-button-group stk-block stk-c02879e\" data-block-id=\"c02879e\"><style>.stk-c02879e {margin-bottom:8px !important;}<\/style><div class=\"stk-row stk-inner-blocks has-text-align-center stk-block-content stk-button-group\">\n<div class=\"wp-block-stackable-icon-button stk-block-icon-button stk-block stk-2eaeabe is-style-pill\" data-block-id=\"2eaeabe\"><style>.stk-2eaeabe .stk-button{background:var(--theme-palette-color-10, #940303) !important;}.stk-2eaeabe .stk-button:before{border-color:#c13584 !important;}<\/style><a class=\"stk-link stk-button stk--hover-effect-darken\" href=\"https:\/\/www.instagram.com\/whattowearstudio\/\" target=\"_blank\" rel=\"noreferrer noopener\"><span class=\"stk--svg-wrapper\"><div class=\"stk--inner-svg\"><svg data-prefix=\"fab\" data-icon=\"instagram\" class=\"svg-inline--fa fa-instagram fa-w-14\" xmlns=\"http:\/\/www.w3.org\/2000\/svg\" viewBox=\"0 0 448 512\" aria-hidden=\"true\" width=\"32\" height=\"32\"><path fill=\"currentColor\" d=\"M224.1 141c-63.6 0-114.9 51.3-114.9 114.9s51.3 114.9 114.9 114.9S339 319.5 339 255.9 287.7 141 224.1 141zm0 189.6c-41.1 0-74.7-33.5-74.7-74.7s33.5-74.7 74.7-74.7 74.7 33.5 74.7 74.7-33.6 74.7-74.7 74.7zm146.4-194.3c0 14.9-12 26.8-26.8 26.8-14.9 0-26.8-12-26.8-26.8s12-26.8 26.8-26.8 26.8 12 26.8 26.8zm76.1 27.2c-1.7-35.9-9.9-67.7-36.2-93.9-26.2-26.2-58-34.4-93.9-36.2-37-2.1-147.9-2.1-184.9 0-35.8 1.7-67.6 9.9-93.9 36.1s-34.4 58-36.2 93.9c-2.1 37-2.1 147.9 0 184.9 1.7 35.9 9.9 67.7 36.2 93.9s58 34.4 93.9 36.2c37 2.1 147.9 2.1 184.9 0 35.9-1.7 67.7-9.9 93.9-36.2 26.2-26.2 34.4-58 36.2-93.9 2.1-37 2.1-147.8 0-184.8zM398.8 388c-7.8 19.6-22.9 34.7-42.6 42.6-29.5 11.7-99.5 9-132.1 9s-102.7 2.6-132.1-9c-19.6-7.8-34.7-22.9-42.6-42.6-11.7-29.5-9-99.5-9-132.1s-2.6-102.7 9-132.1c7.8-19.6 22.9-34.7 42.6-42.6 29.5-11.7 99.5-9 132.1-9s102.7-2.6 132.1 9c19.6 7.8 34.7 22.9 42.6 42.6 11.7 29.5 9 99.5 9 132.1s2.7 102.7-9 132.1z\"><\/path><\/svg><\/div><\/span><\/a><\/div>\n\n\n\n<div class=\"wp-block-stackable-icon-button stk-block-icon-button stk-block stk-3efb492 is-style-pill\" data-block-id=\"3efb492\"><style>.stk-3efb492 .stk-button{background:var(--theme-palette-color-10, #940303) !important;}<\/style><a class=\"stk-link stk-button stk--hover-effect-darken\" href=\"https:\/\/www.linkedin.com\/in\/valentinadiazayas\/\" target=\"_blank\" rel=\"noreferrer noopener\"><span class=\"stk--svg-wrapper\"><div class=\"stk--inner-svg\"><svg data-prefix=\"fab\" data-icon=\"linkedin-in\" class=\"svg-inline--fa fa-linkedin-in fa-w-14\" xmlns=\"http:\/\/www.w3.org\/2000\/svg\" viewBox=\"0 0 448 512\" aria-hidden=\"true\" width=\"32\" height=\"32\"><path fill=\"currentColor\" d=\"M100.28 448H7.4V148.9h92.88zM53.79 108.1C24.09 108.1 0 83.5 0 53.8a53.79 53.79 0 0 1 107.58 0c0 29.7-24.1 54.3-53.79 54.3zM447.9 448h-92.68V302.4c0-34.7-.7-79.2-48.29-79.2-48.29 0-55.69 37.7-55.69 76.7V448h-92.78V148.9h89.08v40.8h1.3c12.4-23.5 42.69-48.3 87.88-48.3 94 0 111.28 61.9 111.28 142.3V448z\"><\/path><\/svg><\/div><\/span><\/a><\/div>\n<\/div><\/div>\n\n\n\n<p class=\"has-text-align-center\"><a href=\"mailto:valentina@whattowearstudio.com\">valentina@whattowearstudio.com<\/a><br>CDMX, M\u00e9xico<\/p>\n\n\n\n<div class=\"wp-block-stackable-divider stk-block-divider stk-block stk-adea041\" data-block-id=\"adea041\"><style>.stk-adea041 {margin-bottom:27px !important;}<\/style><hr class=\"stk-block-divider__hr\"\/><\/div>\n\n\n\n<div class=\"wp-block-stackable-carousel stk-block-carousel stk--is-slide stk--arrows-justify-space-between stk--arrows-align-center stk-block stk-e012ea1\" data-slides-to-show=\"\" data-block-id=\"e012ea1\"><style>.stk-e012ea1 {margin-bottom:12px !important;}<\/style><div class=\"stk-block-carousel__content-wrapper\"><div class=\"stk-row stk-inner-blocks stk-block-content stk-block-carousel__slider-wrapper stk-content-align stk-e012ea1-column\"><div class=\"stk-block-carousel__slider\" role=\"list\" data-autoplay=\"4000\" data-label-slide-of=\"Slide %%d of %%d\">\n<div class=\"wp-block-stackable-column stk-block-column stk-column stk-block stk-76c81aa\" data-v=\"4\" data-block-id=\"76c81aa\"><div class=\"stk-column-wrapper stk-block-column__content stk-container stk-76c81aa-container stk--no-background stk--no-padding\"><div class=\"stk-block-content stk-inner-blocks stk-76c81aa-inner-blocks\">\n<div class=\"wp-block-stackable-heading stk-block-heading stk-block-heading--v2 stk-block stk-a428be6\" id=\"span-style-color-var-theme-palette-color-10-940303-class-stk-highlight-como-agendar-tu-sesion-span\" data-block-id=\"a428be6\"><style>.stk-a428be6 {min-height:130px !important;align-items:center !important;max-width:1500px !important;min-width:auto !important;margin-bottom:0px !important;display:flex !important;}<\/style><h2 class=\"stk-block-heading__text has-text-align-center\"><span style=\"color: var(--theme-palette-color-10, #940303);\" class=\"stk-highlight\">\u00bfC\u00f3mo agendar tu sesi\u00f3n?<\/span><\/h2><\/div>\n\n\n\n<p class=\"has-text-align-center has-medium-font-size\" style=\"margin-right:var(--wp--preset--spacing--20);margin-left:var(--wp--preset--spacing--20)\">Desliza para conocer los pasos a seguir.<\/p>\n<\/div><\/div><\/div>\n\n\n\n<div class=\"wp-block-stackable-column stk-block-column stk-column stk-block stk-029b3f0\" data-v=\"4\" data-block-id=\"029b3f0\"><div class=\"stk-column-wrapper stk-block-column__content stk-container stk-029b3f0-container stk--no-background stk--no-padding\"><div class=\"stk-block-content stk-inner-blocks stk-029b3f0-inner-blocks\">\n<div class=\"wp-block-stackable-text stk-block-text stk-block stk-935f050\" data-block-id=\"935f050\"><style>.stk-935f050 {min-height:0px !important;margin-bottom:0px !important;}.stk-935f050 .stk-block-text__text{font-size:33px !important;}@media screen and (max-width:999px){.stk-935f050 .stk-block-text__text{font-size:33px !important;}}<\/style><p class=\"stk-block-text__text has-text-align-center\"><strong><span style=\"color: var(--theme-palette-color-2, #7f715c);\" class=\"stk-highlight\">Realiza tu pago<\/span><\/strong><\/p><\/div>\n\n\n\n<p class=\"has-text-align-center has-small-font-size\" style=\"margin-right:var(--wp--preset--spacing--80);margin-left:var(--wp--preset--spacing--80)\">Elige el servicio que mejor se adapte a tus necesidades y presupuesto. <br>Completa tu compra de forma sencilla y segura por transferencia o PayPal. <br>Tu informaci\u00f3n est\u00e1 protegida y, a partir de aqu\u00ed, yo me encargar\u00e9 de guiarte paso a paso.\u00a0<\/p>\n<\/div><\/div><\/div>\n\n\n\n<div class=\"wp-block-stackable-column stk-block-column stk-column stk-block stk-0d7c7e5\" data-v=\"4\" data-block-id=\"0d7c7e5\"><div class=\"stk-column-wrapper stk-block-column__content stk-container stk-0d7c7e5-container stk--no-background stk--no-padding\"><div class=\"stk-block-content stk-inner-blocks stk-0d7c7e5-inner-blocks\">\n<div class=\"wp-block-stackable-text stk-block-text stk-block stk-e42036c\" data-block-id=\"e42036c\"><style>.stk-e42036c {min-height:0px !important;margin-bottom:0px !important;}.stk-e42036c .stk-block-text__text{font-size:33px !important;}@media screen and (max-width:999px){.stk-e42036c .stk-block-text__text{font-size:33px !important;}}<\/style><p class=\"stk-block-text__text has-text-align-center\"><strong><span class=\"stk-highlight\"><span style=\"color: var(--theme-palette-color-2, #7f715c);\">Recibe un correo de <\/span>confirmaci\u00f3n<span style=\"color: var(--theme-palette-color-2, #7f715c);\"> <\/span><\/span>autom\u00e1tico<\/strong><\/p><\/div>\n\n\n\n<p class=\"has-text-align-center has-small-font-size\" style=\"margin-right:var(--wp--preset--spacing--80);margin-left:var(--wp--preset--spacing--80)\">En cuanto tu compra est\u00e9 registrada, recibir\u00e1s un correo confirmando que el pago fue exitoso y que tu solicitud fue recibida. <br>Si no lo ves, revisa tu carpeta de spam o promociones.<\/p>\n<\/div><\/div><\/div>\n\n\n\n<div class=\"wp-block-stackable-column stk-block-column stk-column stk-block stk-cef8d1e\" data-v=\"4\" data-block-id=\"cef8d1e\"><div class=\"stk-column-wrapper stk-block-column__content stk-container stk-cef8d1e-container stk--no-background stk--no-padding\"><div class=\"stk-block-content stk-inner-blocks stk-cef8d1e-inner-blocks\">\n<div class=\"wp-block-stackable-text stk-block-text stk-block stk-6f3558c\" data-block-id=\"6f3558c\"><style>.stk-6f3558c {min-height:0px !important;margin-bottom:0px !important;}.stk-6f3558c .stk-block-text__text{font-size:33px !important;}@media screen and (max-width:999px){.stk-6f3558c .stk-block-text__text{font-size:33px !important;}}<\/style><p class=\"stk-block-text__text has-text-align-center\"><strong>Seguimiento por WhatsApp<\/strong><\/p><\/div>\n\n\n\n<p class=\"has-text-align-center has-small-font-size\" style=\"margin-right:var(--wp--preset--spacing--80);margin-left:var(--wp--preset--spacing--80)\">En menos de 24 horas me comunicar\u00e9 contigo directamente. <br>Ah\u00ed coordinaremos el d\u00eda y horario que mejor se acomode a ti. <br>Tambi\u00e9n te compartir\u00e9 los detalles que necesitas saber antes de nuestra sesi\u00f3n.<\/p>\n<\/div><\/div><\/div>\n\n\n\n<div class=\"wp-block-stackable-column stk-block-column stk-column stk-block stk-46d815a\" data-v=\"4\" data-block-id=\"46d815a\"><div class=\"stk-column-wrapper stk-block-column__content stk-container stk-46d815a-container stk--no-background stk--no-padding\"><div class=\"stk-block-content stk-inner-blocks stk-46d815a-inner-blocks\">\n<div class=\"wp-block-stackable-text stk-block-text stk-block stk-e27c416\" data-block-id=\"e27c416\"><style>.stk-e27c416 {min-height:0px !important;margin-bottom:0px !important;}.stk-e27c416 .stk-block-text__text{font-size:33px !important;}@media screen and (max-width:999px){.stk-e27c416 .stk-block-text__text{font-size:33px !important;}}<\/style><p class=\"stk-block-text__text has-text-align-center\"><strong>\u00a1Todo listo!<\/strong><\/p><\/div>\n\n\n\n<p class=\"has-text-align-center has-small-font-size\" style=\"margin-right:var(--wp--preset--spacing--80);margin-left:var(--wp--preset--spacing--80)\">Gracias por confiar en <strong><span style=\"color: var(--theme-palette-color-10, #940303);\" class=\"stk-highlight\"><a href=\"https:\/\/whattowearstudio.com\/\" data-type=\"page\" data-id=\"626\">what to wear studio<\/a>.<\/span><\/strong> <br>Estoy aqu\u00ed para guiarte en cada paso y coordinar contigo todo lo necesario para empezar.<\/p>\n<\/div><\/div><\/div>\n<\/div><div class=\"stk-block-carousel__buttons\"><button class=\"stk-block-carousel__button stk-block-carousel__button__prev\" aria-label=\"Previous slide\"><svg aria-hidden=\"true\" focusable=\"false\" data-prefix=\"fas\" data-icon=\"chevron-left\" class=\"svg-inline--fa fa-chevron-left\" xmlns=\"http:\/\/www.w3.org\/2000\/svg\" viewBox=\"0 0 320 512\" width=\"32\" height=\"32\"><path d=\"M34.52 239.03L228.87 44.69c9.37-9.37 24.57-9.37 33.94 0l22.67 22.67c9.36 9.36 9.37 24.52.04 33.9L131.49 256l154.02 154.75c9.34 9.38 9.32 24.54-.04 33.9l-22.67 22.67c-9.37 9.37-24.57 9.37-33.94 0L34.52 272.97c-9.37-9.37-9.37-24.57 0-33.94z\"><\/path><\/svg><\/button><button class=\"stk-block-carousel__button stk-block-carousel__button__next\" aria-label=\"Next slide\"><svg aria-hidden=\"true\" focusable=\"false\" data-prefix=\"fas\" data-icon=\"chevron-right\" class=\"svg-inline--fa fa-chevron-right\" xmlns=\"http:\/\/www.w3.org\/2000\/svg\" viewBox=\"0 0 320 512\" width=\"32\" height=\"32\"><path d=\"M285.476 272.971L91.132 467.314c-9.373 9.373-24.569 9.373-33.941 0l-22.667-22.667c-9.357-9.357-9.375-24.522-.04-33.901L188.505 256 34.484 101.255c-9.335-9.379-9.317-24.544.04-33.901l22.667-22.667c9.373-9.373 24.569-9.373 33.941 0L285.475 239.03c9.373 9.372 9.373 24.568.001 33.941z\"><\/path><\/svg><\/button><\/div><\/div><div class=\"stk-block-carousel__dots\" role=\"list\" data-label=\"Slide %%d\"><\/div><\/div><\/div>\n","protected":false},"excerpt":{"rendered":"<p>Valentina Diazayas Soy asesora de imagen personal y apasionada por la moda.Me encanta ayudar a las personas a sentirse c\u00f3modas, seguras y aut\u00e9nticas con lo que usan. Creo que la ropa no solo es algo que usamos, sino que tambi\u00e9n es una forma de mostrar qui\u00e9nes somos.&nbsp;No busco transformarte, sino ayudarte a encontrar un estilo [&hellip;]<\/p>\n","protected":false},"author":1,"featured_media":0,"parent":0,"menu_order":0,"comment_status":"closed","ping_status":"closed","template":"","meta":{"footnotes":""},"class_list":["post-628","page","type-page","status-publish","hentry"],"blocksy_meta":{"styles_descriptor":{"styles":{"desktop":"","tablet":"","mobile":""},"google_fonts":[],"version":6}},"jetpack_sharing_enabled":true,"_links":{"self":[{"href":"https:\/\/whattowearstudio.com\/index.php\/wp-json\/wp\/v2\/pages\/628","targetHints":{"allow":["GET"]}}],"collection":[{"href":"https:\/\/whattowearstudio.com\/index.php\/wp-json\/wp\/v2\/pages"}],"about":[{"href":"https:\/\/whattowearstudio.com\/index.php\/wp-json\/wp\/v2\/types\/page"}],"author":[{"embeddable":true,"href":"https:\/\/whattowearstudio.com\/index.php\/wp-json\/wp\/v2\/users\/1"}],"replies":[{"embeddable":true,"href":"https:\/\/whattowearstudio.com\/index.php\/wp-json\/wp\/v2\/comments?post=628"}],"version-history":[{"count":7,"href":"https:\/\/whattowearstudio.com\/index.php\/wp-json\/wp\/v2\/pages\/628\/revisions"}],"predecessor-version":[{"id":865,"href":"https:\/\/whattowearstudio.com\/index.php\/wp-json\/wp\/v2\/pages\/628\/revisions\/865"}],"wp:attachment":[{"href":"https:\/\/whattowearstudio.com\/index.php\/wp-json\/wp\/v2\/media?parent=628"}],"curies":[{"name":"wp","href":"https:\/\/api.w.org\/{rel}","templated":true}]}}