{"id":283,"date":"2021-04-12T16:42:18","date_gmt":"2021-04-12T16:42:18","guid":{"rendered":"https:\/\/startersites.io\/blocksy\/homi\/?post_type=product&#038;p=283"},"modified":"2025-05-04T16:55:14","modified_gmt":"2025-05-04T21:55:14","slug":"the-personal-shopper","status":"publish","type":"product","link":"https:\/\/whattowearstudio.com\/index.php\/producto\/the-personal-shopper\/","title":{"rendered":"The Personal Shopper"},"content":{"rendered":"<section id=\"comp-m9xiq5np2\" class=\"Oqnisf comp-m9xiq5np2 wixui-section\" tabindex=\"-1\" data-block-level-container=\"ClassicSection\">\n<div class=\"\" data-mesh-id=\"comp-m9xiq5np2inlineContent\" data-testid=\"inline-content\">\n<div data-mesh-id=\"comp-m9xiq5np2inlineContent-gridContainer\" data-testid=\"mesh-container-content\">\n<div id=\"comp-m9xiq5np10\" class=\"HcOXKn c9GqVL QxJLC3 lq2cno YQcXTT comp-m9xiq5np10 wixui-rich-text\" data-testid=\"richTextElement\">\n<h2 class=\"font_2 wixui-rich-text__text\"><span class=\"wixui-rich-text__text\">Esto es lo que necesitas saber sobre este servicio.<\/span><\/h2>\n<\/div>\n<div id=\"comp-m9xiq5nq6\" class=\"comp-m9xiq5nq6 wixui-repeater\">\n<div id=\"comp-m9xiq5nq6_wrapper\" class=\"o6oDlF\">\n<div id=\"comp-m9xiq5nr3__item1\" class=\"comp-m9xiq5nr3 YzqVVZ wixui-repeater__item\" role=\"listitem\">\n<div class=\"\" data-mesh-id=\"comp-m9xiq5nr3__item1inlineContent\" data-testid=\"inline-content\">\n<div data-mesh-id=\"comp-m9xiq5nr3__item1inlineContent-gridContainer\" data-testid=\"mesh-container-content\">\n<div id=\"comp-m9xiq5nt7__item1\" class=\"HcOXKn c9GqVL QxJLC3 lq2cno YQcXTT comp-m9xiq5nt7 wixui-rich-text\" data-testid=\"richTextElement\">\n<h3 class=\"font_5 wixui-rich-text__text\"><span class=\"wixui-rich-text__text\">Tus necesidades<\/span><\/h3>\n<\/div>\n<div id=\"comp-m9xiq5nu5__item1\" class=\"HcOXKn c9GqVL QxJLC3 lq2cno YQcXTT comp-m9xiq5nu5 wixui-rich-text\" data-testid=\"richTextElement\">\n<p class=\"font_9 wixui-rich-text__text\"><span class=\"wixui-rich-text__text\">Definimos qu\u00e9 imagen deseas proyectar y lo que realmente necesitas para tu d\u00eda a d\u00eda: ropa casual, de oficina, para eventos especiales.<\/span><\/p>\n<\/div>\n<\/div>\n<\/div>\n<\/div>\n<div id=\"comp-m9xiq5nr3__item2\" class=\"comp-m9xiq5nr3 YzqVVZ wixui-repeater__item\" role=\"listitem\">\n<div class=\"\" data-mesh-id=\"comp-m9xiq5nr3__item2inlineContent\" data-testid=\"inline-content\">\n<div data-mesh-id=\"comp-m9xiq5nr3__item2inlineContent-gridContainer\" data-testid=\"mesh-container-content\">\n<div id=\"comp-m9xiq5nt7__item2\" class=\"HcOXKn c9GqVL QxJLC3 lq2cno YQcXTT comp-m9xiq5nt7 wixui-rich-text\" data-testid=\"richTextElement\">\n<h3 class=\"font_5 wixui-rich-text__text\"><span class=\"wixui-rich-text__text\">Quality over Quantity<\/span><\/h3>\n<\/div>\n<div id=\"comp-m9xiq5nu5__item2\" class=\"HcOXKn c9GqVL QxJLC3 lq2cno YQcXTT comp-m9xiq5nu5 wixui-rich-text\" data-testid=\"richTextElement\">\n<p class=\"font_8 wixui-rich-text__text\"><span class=\"wixui-rich-text__text\">Priorizamos la calidad sobre la cantidad, creando combinaciones vers\u00e1tiles y atemporales que puedes usar en diversas ocasiones.<\/span><\/p>\n<\/div>\n<\/div>\n<\/div>\n<\/div>\n<div id=\"comp-m9xiq5nr3__item3\" class=\"comp-m9xiq5nr3 YzqVVZ wixui-repeater__item\" role=\"listitem\">\n<div class=\"\" data-mesh-id=\"comp-m9xiq5nr3__item3inlineContent\" data-testid=\"inline-content\">\n<div data-mesh-id=\"comp-m9xiq5nr3__item3inlineContent-gridContainer\" data-testid=\"mesh-container-content\">\n<div id=\"comp-m9xiq5nt7__item3\" class=\"HcOXKn c9GqVL QxJLC3 lq2cno YQcXTT comp-m9xiq5nt7 wixui-rich-text\" data-testid=\"richTextElement\">\n<h3 class=\"font_5 wixui-rich-text__text\"><span class=\"wixui-rich-text__text\">Mix &amp; Match<\/span><\/h3>\n<\/div>\n<div id=\"comp-m9xiq5nu5__item3\" class=\"HcOXKn c9GqVL QxJLC3 lq2cno YQcXTT comp-m9xiq5nu5 wixui-rich-text\" data-testid=\"richTextElement\">\n<p class=\"font_8 wixui-rich-text__text\"><span class=\"wixui-rich-text__text\">Te ense\u00f1o a combinar tus nuevas adquisiciones con lo que ya tienes en tu guardarropa, creando looks variados con el menor esfuerzo.<\/span><\/p>\n<\/div>\n<\/div>\n<\/div>\n<\/div>\n<div id=\"comp-m9xiq5nr3__item-kemq3wiu\" class=\"comp-m9xiq5nr3 YzqVVZ wixui-repeater__item\" role=\"listitem\">\n<div class=\"\" data-mesh-id=\"comp-m9xiq5nr3__item-kemq3wiuinlineContent\" data-testid=\"inline-content\">\n<div data-mesh-id=\"comp-m9xiq5nr3__item-kemq3wiuinlineContent-gridContainer\" data-testid=\"mesh-container-content\">\n<div id=\"comp-m9xiq5nt7__item-kemq3wiu\" class=\"HcOXKn c9GqVL QxJLC3 lq2cno YQcXTT comp-m9xiq5nt7 wixui-rich-text\" data-testid=\"richTextElement\">\n<h3 class=\"font_5 wixui-rich-text__text\"><span class=\"wixui-rich-text__text\">Shopping<\/span><\/h3>\n<\/div>\n<div id=\"comp-m9xiq5nu5__item-kemq3wiu\" class=\"HcOXKn c9GqVL QxJLC3 lq2cno YQcXTT comp-m9xiq5nu5 wixui-rich-text\" data-testid=\"richTextElement\">\n<p class=\"font_8 wixui-rich-text__text\"><span class=\"wixui-rich-text__text\">Podemos ir juntos de compras o preparar\u00e9 una selecci\u00f3n de prendas que solo tendr\u00e1s que probar y comprar, sin perder tiempo ni energ\u00eda.<\/span><\/p>\n<\/div>\n<\/div>\n<\/div>\n<\/div>\n<div id=\"comp-m9xiq5nr3__item-m9xitnj1\" class=\"comp-m9xiq5nr3 YzqVVZ wixui-repeater__item\" role=\"listitem\">\n<div class=\"\" data-mesh-id=\"comp-m9xiq5nr3__item-m9xitnj1inlineContent\" data-testid=\"inline-content\">\n<div data-mesh-id=\"comp-m9xiq5nr3__item-m9xitnj1inlineContent-gridContainer\" data-testid=\"mesh-container-content\">\n<div id=\"comp-m9xiq5nt7__item-m9xitnj1\" class=\"HcOXKn c9GqVL QxJLC3 lq2cno YQcXTT comp-m9xiq5nt7 wixui-rich-text\" data-testid=\"richTextElement\">\n<h3 class=\"font_5 wixui-rich-text__text\"><span class=\"wixui-rich-text__text\">Recomendaciones<\/span><\/h3>\n<\/div>\n<div id=\"comp-m9xiq5nu5__item-m9xitnj1\" class=\"HcOXKn c9GqVL QxJLC3 lq2cno YQcXTT comp-m9xiq5nu5 wixui-rich-text\" data-testid=\"richTextElement\">\n<p class=\"font_8 wixui-rich-text__text\"><span class=\"wixui-rich-text__text\">Te doy consejos sobre accesorios, zapatos y peinados para completar tu look de manera impecable y acorde a tu estilo personal.<\/span><\/p>\n<\/div>\n<\/div>\n<\/div>\n<\/div>\n<div id=\"comp-m9xiq5nr3__item-m9xiu9ws\" class=\"comp-m9xiq5nr3 YzqVVZ wixui-repeater__item\" role=\"listitem\">\n<div id=\"bgLayers_comp-m9xiq5nr3__item-m9xiu9ws\" class=\"MW5IWV\" data-hook=\"bgLayers\" data-motion-part=\"BG_LAYER comp-m9xiq5nr3__item-m9xiu9ws\">\n<div class=\"LWbAav Kv1aVt\" data-testid=\"colorUnderlay\"><\/div>\n<div id=\"bgMedia_comp-m9xiq5nr3__item-m9xiu9ws\" class=\"VgO9Yg\" data-motion-part=\"BG_MEDIA comp-m9xiq5nr3__item-m9xiu9ws\"><\/div>\n<\/div>\n<div class=\"\" data-mesh-id=\"comp-m9xiq5nr3__item-m9xiu9wsinlineContent\" data-testid=\"inline-content\">\n<div data-mesh-id=\"comp-m9xiq5nr3__item-m9xiu9wsinlineContent-gridContainer\" data-testid=\"mesh-container-content\">\n<div id=\"comp-m9xiq5nt7__item-m9xiu9ws\" class=\"HcOXKn c9GqVL QxJLC3 lq2cno YQcXTT comp-m9xiq5nt7 wixui-rich-text\" data-testid=\"richTextElement\">\n<h3 class=\"font_5 wixui-rich-text__text\"><span class=\"wixui-rich-text__text\">Pros<\/span><\/h3>\n<\/div>\n<div id=\"comp-m9xiq5nu5__item-m9xiu9ws\" class=\"HcOXKn c9GqVL QxJLC3 lq2cno YQcXTT comp-m9xiq5nu5 wixui-rich-text\" data-testid=\"richTextElement\">\n<p class=\"font_8 wixui-rich-text__text\"><span class=\"wixui-rich-text__text\">Ahorra tiempo y evita el estr\u00e9s de recorrer tiendas sin saber qu\u00e9 elegir.\u00a0<\/span><\/p>\n<p class=\"font_8 wixui-rich-text__text\"><span class=\"wixui-rich-text__text\">Yo me encargar\u00e9 de encontrar lo mejor para ti.<\/span><\/p>\n<\/div>\n<\/div>\n<\/div>\n<\/div>\n<\/div>\n<\/div>\n<\/div>\n<\/div>\n<\/section>\n<section id=\"comp-m9xiq5nw3\" class=\"Oqnisf comp-m9xiq5nw3 wixui-section\" tabindex=\"-1\" data-block-level-container=\"ClassicSection\">\n<div id=\"bgLayers_comp-m9xiq5nw3\" class=\"MW5IWV\" data-hook=\"bgLayers\" data-motion-part=\"BG_LAYER comp-m9xiq5nw3\"><\/div>\n<\/section>\n","protected":false},"excerpt":{"rendered":"<p class=\"font_8 wixui-rich-text__text\"><strong><span class=\"wixui-rich-text__text\">Una experiencia de compra hecha a tu medida.<br \/>\nPresencial<br \/>\n<\/span><\/strong><\/p>\n<p class=\"font_8 wixui-rich-text__text\"><span class=\"wixui-rich-text__text\">Te ayudo a realizar compras inteligentes, asegurando que cada prenda resalte lo mejor de ti y se adapte perfectamente a tu estilo, cuerpo y necesidades. Olv\u00eddate de las compras impulsivas y de los armarios llenos de ropa que no usas.<\/span><\/p>\n","protected":false},"featured_media":779,"comment_status":"open","ping_status":"closed","template":"","meta":[],"product_brand":[],"product_cat":[36],"product_tag":[],"class_list":{"0":"post-283","1":"product","2":"type-product","3":"status-publish","4":"has-post-thumbnail","6":"product_cat-the-personal-shopper","8":"first","9":"instock","10":"virtual","11":"taxable","12":"purchasable","13":"product-type-simple"},"jetpack_sharing_enabled":true,"_links":{"self":[{"href":"https:\/\/whattowearstudio.com\/index.php\/wp-json\/wp\/v2\/product\/283","targetHints":{"allow":["GET"]}}],"collection":[{"href":"https:\/\/whattowearstudio.com\/index.php\/wp-json\/wp\/v2\/product"}],"about":[{"href":"https:\/\/whattowearstudio.com\/index.php\/wp-json\/wp\/v2\/types\/product"}],"replies":[{"embeddable":true,"href":"https:\/\/whattowearstudio.com\/index.php\/wp-json\/wp\/v2\/comments?post=283"}],"wp:featuredmedia":[{"embeddable":true,"href":"https:\/\/whattowearstudio.com\/index.php\/wp-json\/wp\/v2\/media\/779"}],"wp:attachment":[{"href":"https:\/\/whattowearstudio.com\/index.php\/wp-json\/wp\/v2\/media?parent=283"}],"wp:term":[{"taxonomy":"product_brand","embeddable":true,"href":"https:\/\/whattowearstudio.com\/index.php\/wp-json\/wp\/v2\/product_brand?post=283"},{"taxonomy":"product_cat","embeddable":true,"href":"https:\/\/whattowearstudio.com\/index.php\/wp-json\/wp\/v2\/product_cat?post=283"},{"taxonomy":"product_tag","embeddable":true,"href":"https:\/\/whattowearstudio.com\/index.php\/wp-json\/wp\/v2\/product_tag?post=283"}],"curies":[{"name":"wp","href":"https:\/\/api.w.org\/{rel}","templated":true}]}}