{"id":285,"date":"2021-04-12T16:43:52","date_gmt":"2021-04-12T16:43:52","guid":{"rendered":"https:\/\/startersites.io\/blocksy\/homi\/?post_type=product&#038;p=285"},"modified":"2025-05-04T16:53:35","modified_gmt":"2025-05-04T21:53:35","slug":"the-look-book","status":"publish","type":"product","link":"https:\/\/whattowearstudio.com\/index.php\/producto\/the-look-book\/","title":{"rendered":"The Look Book"},"content":{"rendered":"<div id=\"comp-m9xifxdw7\" class=\"HcOXKn c9GqVL QxJLC3 lq2cno YQcXTT comp-m9xifxdw7 wixui-rich-text\" data-testid=\"richTextElement\">\n<h2 class=\"font_2 wixui-rich-text__text\"><span class=\"wixui-rich-text__text\">Esto es lo que necesitas saber sobre este servicio.<\/span><\/h2>\n<\/div>\n<div id=\"comp-m9xifxdw14\" class=\"comp-m9xifxdw14 wixui-repeater\">\n<div id=\"comp-m9xifxdw14_wrapper\" class=\"o6oDlF\">\n<div id=\"comp-m9xifxdy__item1\" class=\"comp-m9xifxdy YzqVVZ wixui-repeater__item\" role=\"listitem\">\n<div class=\"\" data-mesh-id=\"comp-m9xifxdy__item1inlineContent\" data-testid=\"inline-content\">\n<div data-mesh-id=\"comp-m9xifxdy__item1inlineContent-gridContainer\" data-testid=\"mesh-container-content\">\n<div id=\"comp-m9xifxe05__item1\" class=\"HcOXKn c9GqVL QxJLC3 lq2cno YQcXTT comp-m9xifxe05 wixui-rich-text\" data-testid=\"richTextElement\">\n<h3 class=\"font_5 wixui-rich-text__text\"><span class=\"wixui-rich-text__text\">Combinaciones<\/span><\/h3>\n<\/div>\n<div id=\"comp-m9xifxe11__item1\" class=\"HcOXKn c9GqVL QxJLC3 lq2cno YQcXTT comp-m9xifxe11 wixui-rich-text\" data-testid=\"richTextElement\">\n<p class=\"font_9 wixui-rich-text__text\"><span class=\"wixui-rich-text__text\">Te ayudo a elegir sobre las piezas que ya tienes o nuevas que realmente funcionen juntas, asegurando que cada elemento de tu vestuario sea vers\u00e1til y f\u00e1cil de combinar.<\/span><\/p>\n<\/div>\n<\/div>\n<\/div>\n<\/div>\n<div id=\"comp-m9xifxdy__item2\" class=\"comp-m9xifxdy YzqVVZ wixui-repeater__item\" role=\"listitem\">\n<div class=\"\" data-mesh-id=\"comp-m9xifxdy__item2inlineContent\" data-testid=\"inline-content\">\n<div data-mesh-id=\"comp-m9xifxdy__item2inlineContent-gridContainer\" data-testid=\"mesh-container-content\">\n<div id=\"comp-m9xifxe05__item2\" class=\"HcOXKn c9GqVL QxJLC3 lq2cno YQcXTT comp-m9xifxe05 wixui-rich-text\" data-testid=\"richTextElement\">\n<h3 class=\"font_5 wixui-rich-text__text\"><span class=\"wixui-rich-text__text\">Outfits for every occasion<\/span><\/h3>\n<\/div>\n<div id=\"comp-m9xifxe11__item2\" class=\"HcOXKn c9GqVL QxJLC3 lq2cno YQcXTT comp-m9xifxe11 wixui-rich-text\" data-testid=\"richTextElement\">\n<p class=\"font_8 wixui-rich-text__text\"><span class=\"wixui-rich-text__text\">Te propongo conjuntos completos para diferentes ocasiones: desde looks profesionales para el trabajo, hasta opciones casuales para tu d\u00eda a d\u00eda.<\/span><\/p>\n<\/div>\n<\/div>\n<\/div>\n<\/div>\n<div id=\"comp-m9xifxdy__item3\" class=\"comp-m9xifxdy YzqVVZ wixui-repeater__item\" role=\"listitem\">\n<div class=\"\" data-mesh-id=\"comp-m9xifxdy__item3inlineContent\" data-testid=\"inline-content\">\n<div data-mesh-id=\"comp-m9xifxdy__item3inlineContent-gridContainer\" data-testid=\"mesh-container-content\">\n<div id=\"comp-m9xifxe05__item3\" class=\"HcOXKn c9GqVL QxJLC3 lq2cno YQcXTT comp-m9xifxe05 wixui-rich-text\" data-testid=\"richTextElement\">\n<h3 class=\"font_5 wixui-rich-text__text\"><span class=\"wixui-rich-text__text\">The Book<\/span><\/h3>\n<\/div>\n<div id=\"comp-m9xifxe11__item3\" class=\"HcOXKn c9GqVL QxJLC3 lq2cno YQcXTT comp-m9xifxe11 wixui-rich-text\" data-testid=\"richTextElement\">\n<ul class=\"font_8 wix-list-text-align wixui-rich-text__text\">\n<li class=\"wixui-rich-text__text\">\n<p class=\"font_8 wixui-rich-text__text\"><span class=\"wixui-rich-text__text\">Cada atuendo se presenta con una fotograf\u00eda clara y bien detallada, para que no tengas que recordar qu\u00e9 combinar.<\/span><\/p>\n<\/li>\n<li class=\"wixui-rich-text__text\">\n<p class=\"font_8 wixui-rich-text__text\"><span class=\"wixui-rich-text__text\">Solo consulta tu Look Book cuando necesites inspiraci\u00f3n, y estar\u00e1s lista\/o para salir.<\/span><\/p>\n<\/li>\n<\/ul>\n<\/div>\n<\/div>\n<\/div>\n<\/div>\n<div id=\"comp-m9xifxdy__item-kemq3wiu\" class=\"comp-m9xifxdy YzqVVZ wixui-repeater__item\" role=\"listitem\">\n<div class=\"\" data-mesh-id=\"comp-m9xifxdy__item-kemq3wiuinlineContent\" data-testid=\"inline-content\">\n<div data-mesh-id=\"comp-m9xifxdy__item-kemq3wiuinlineContent-gridContainer\" data-testid=\"mesh-container-content\">\n<div id=\"comp-m9xifxe05__item-kemq3wiu\" class=\"HcOXKn c9GqVL QxJLC3 lq2cno YQcXTT comp-m9xifxe05 wixui-rich-text\" data-testid=\"richTextElement\">\n<h3 class=\"font_5 wixui-rich-text__text\"><span class=\"wixui-rich-text__text\">Extra tips<\/span><\/h3>\n<\/div>\n<div id=\"comp-m9xifxe11__item-kemq3wiu\" class=\"HcOXKn c9GqVL QxJLC3 lq2cno YQcXTT comp-m9xifxe11 wixui-rich-text\" data-testid=\"richTextElement\">\n<ul class=\"font_8 wix-list-text-align wixui-rich-text__text\">\n<li class=\"wixui-rich-text__text\">\n<p class=\"font_8 wixui-rich-text__text\"><span class=\"wixui-rich-text__text\">Junto a cada look, te ofrezco consejos de estilo sencillos pero efectivos: c\u00f3mo agregar un cintur\u00f3n, qu\u00e9 zapatos elegir, o c\u00f3mo cambiar un accesorio para transformar un conjunto y hacerlo a\u00fan m\u00e1s tuyo.<\/span><\/p>\n<\/li>\n<li class=\"wixui-rich-text__text\">\n<p class=\"font_8 wixui-rich-text__text\"><span class=\"wixui-rich-text__text\">Para facilitar tu experiencia, cada prenda recomendada vendr\u00e1 acompa\u00f1ada de su link de compra.<\/span><\/p>\n<\/li>\n<\/ul>\n<\/div>\n<\/div>\n<\/div>\n<\/div>\n<\/div>\n<\/div>\n","protected":false},"excerpt":{"rendered":"<p class=\"font_8 wixui-rich-text__text\"><strong><span class=\"wixui-rich-text__text\">Looks listos para usar, sin pensar de m\u00e1s.<br \/>\nPresencial<br \/>\n<\/span><\/strong><\/p>\n<p class=\"font_8 wixui-rich-text__text\"><span class=\"wixui-rich-text__text\">El Look Book es una colecci\u00f3n de outfits creados con las prendas y accesorios que ya tienes, o que podr\u00edas adquirir, para que saques el m\u00e1ximo provecho de tu cl\u00f3set.<\/span><\/p>\n","protected":false},"featured_media":778,"comment_status":"open","ping_status":"closed","template":"","meta":[],"product_brand":[],"product_cat":[31],"product_tag":[],"class_list":{"0":"post-285","1":"product","2":"type-product","3":"status-publish","4":"has-post-thumbnail","6":"product_cat-the-look-book","8":"first","9":"instock","10":"taxable","11":"shipping-taxable","12":"purchasable","13":"product-type-variable"},"jetpack_sharing_enabled":true,"_links":{"self":[{"href":"https:\/\/whattowearstudio.com\/index.php\/wp-json\/wp\/v2\/product\/285","targetHints":{"allow":["GET"]}}],"collection":[{"href":"https:\/\/whattowearstudio.com\/index.php\/wp-json\/wp\/v2\/product"}],"about":[{"href":"https:\/\/whattowearstudio.com\/index.php\/wp-json\/wp\/v2\/types\/product"}],"replies":[{"embeddable":true,"href":"https:\/\/whattowearstudio.com\/index.php\/wp-json\/wp\/v2\/comments?post=285"}],"wp:featuredmedia":[{"embeddable":true,"href":"https:\/\/whattowearstudio.com\/index.php\/wp-json\/wp\/v2\/media\/778"}],"wp:attachment":[{"href":"https:\/\/whattowearstudio.com\/index.php\/wp-json\/wp\/v2\/media?parent=285"}],"wp:term":[{"taxonomy":"product_brand","embeddable":true,"href":"https:\/\/whattowearstudio.com\/index.php\/wp-json\/wp\/v2\/product_brand?post=285"},{"taxonomy":"product_cat","embeddable":true,"href":"https:\/\/whattowearstudio.com\/index.php\/wp-json\/wp\/v2\/product_cat?post=285"},{"taxonomy":"product_tag","embeddable":true,"href":"https:\/\/whattowearstudio.com\/index.php\/wp-json\/wp\/v2\/product_tag?post=285"}],"curies":[{"name":"wp","href":"https:\/\/api.w.org\/{rel}","templated":true}]}}