{"id":287,"date":"2021-04-12T16:45:34","date_gmt":"2021-04-12T16:45:34","guid":{"rendered":"https:\/\/startersites.io\/blocksy\/homi\/?post_type=product&#038;p=287"},"modified":"2025-05-04T16:52:16","modified_gmt":"2025-05-04T21:52:16","slug":"the-closet-detox","status":"publish","type":"product","link":"https:\/\/whattowearstudio.com\/index.php\/producto\/the-closet-detox\/","title":{"rendered":"The Cl\u00f3set Detox"},"content":{"rendered":"<div id=\"comp-m9xi7f1x\" class=\"HcOXKn c9GqVL QxJLC3 lq2cno YQcXTT comp-m9xi7f1x wixui-rich-text\" data-testid=\"richTextElement\">\n<h2 class=\"font_2 wixui-rich-text__text\"><span class=\"wixui-rich-text__text\">Esto es lo que necesitas saber sobre este servicio.<\/span><\/h2>\n<\/div>\n<div id=\"comp-m9xi7f1y3\" class=\"comp-m9xi7f1y3 wixui-repeater\">\n<div id=\"comp-m9xi7f1y3_wrapper\" class=\"o6oDlF\">\n<div id=\"comp-m9xi7f215__item1\" class=\"comp-m9xi7f215 YzqVVZ wixui-repeater__item\" role=\"listitem\">\n<div class=\"\" data-mesh-id=\"comp-m9xi7f215__item1inlineContent\" data-testid=\"inline-content\">\n<div data-mesh-id=\"comp-m9xi7f215__item1inlineContent-gridContainer\" data-testid=\"mesh-container-content\">\n<div id=\"comp-m9xi7f254__item1\" class=\"HcOXKn c9GqVL QxJLC3 lq2cno YQcXTT comp-m9xi7f254 wixui-rich-text\" data-testid=\"richTextElement\">\n<h3 class=\"font_5 wixui-rich-text__text\"><span class=\"wixui-rich-text__text\">An\u00e1lisis de tu estilo y necesidades<\/span><\/h3>\n<\/div>\n<div id=\"comp-m9xi7f263__item1\" class=\"HcOXKn c9GqVL QxJLC3 lq2cno YQcXTT comp-m9xi7f263 wixui-rich-text\" data-testid=\"richTextElement\">\n<p class=\"font_9 wixui-rich-text__text\"><span class=\"wixui-rich-text__text\">Definimos la imagen que deseas proyectar y lo que necesitas en tu d\u00eda a d\u00eda para que tu cl\u00f3set trabaje a tu favor.<\/span><\/p>\n<\/div>\n<\/div>\n<\/div>\n<\/div>\n<div id=\"comp-m9xi7f215__item2\" class=\"comp-m9xi7f215 YzqVVZ wixui-repeater__item\" role=\"listitem\">\n<div class=\"\" data-mesh-id=\"comp-m9xi7f215__item2inlineContent\" data-testid=\"inline-content\">\n<div data-mesh-id=\"comp-m9xi7f215__item2inlineContent-gridContainer\" data-testid=\"mesh-container-content\">\n<div id=\"comp-m9xi7f254__item2\" class=\"HcOXKn c9GqVL QxJLC3 lq2cno YQcXTT comp-m9xi7f254 wixui-rich-text\" data-testid=\"richTextElement\">\n<h3 class=\"font_5 wixui-rich-text__text\"><span class=\"wixui-rich-text__text\">Revisi\u00f3n de closet<\/span><\/h3>\n<\/div>\n<div id=\"comp-m9xi7f263__item2\" class=\"HcOXKn c9GqVL QxJLC3 lq2cno YQcXTT comp-m9xi7f263 wixui-rich-text\" data-testid=\"richTextElement\">\n<p class=\"font_8 wixui-rich-text__text\"><span class=\"wixui-rich-text__text\">Juntos, evaluaremos cada prenda para decidir si se queda, se dona o se transforma. Nos aseguramos de que solo mantengas lo que realmente te favorece.<\/span><\/p>\n<\/div>\n<\/div>\n<\/div>\n<\/div>\n<div id=\"comp-m9xi7f215__item3\" class=\"comp-m9xi7f215 YzqVVZ wixui-repeater__item\" role=\"listitem\">\n<div class=\"\" data-mesh-id=\"comp-m9xi7f215__item3inlineContent\" data-testid=\"inline-content\">\n<div data-mesh-id=\"comp-m9xi7f215__item3inlineContent-gridContainer\" data-testid=\"mesh-container-content\">\n<div id=\"comp-m9xi7f254__item3\" class=\"HcOXKn c9GqVL QxJLC3 lq2cno YQcXTT comp-m9xi7f254 wixui-rich-text\" data-testid=\"richTextElement\">\n<h3 class=\"font_5 wixui-rich-text__text\"><span class=\"wixui-rich-text__text\">Gu\u00eda de combinaciones<\/span><\/h3>\n<\/div>\n<div id=\"comp-m9xi7f263__item3\" class=\"HcOXKn c9GqVL QxJLC3 lq2cno YQcXTT comp-m9xi7f263 wixui-rich-text\" data-testid=\"richTextElement\">\n<p class=\"font_8 wixui-rich-text__text\"><span class=\"wixui-rich-text__text\">Te ense\u00f1ar\u00e9 a crear looks con lo que ya tienes, maximizando tu cl\u00f3set y sacando el mayor provecho de cada prenda.<\/span><\/p>\n<\/div>\n<\/div>\n<\/div>\n<\/div>\n<div id=\"comp-m9xi7f215__item-kemq3wiu\" class=\"comp-m9xi7f215 YzqVVZ wixui-repeater__item\" role=\"listitem\">\n<div class=\"\" data-mesh-id=\"comp-m9xi7f215__item-kemq3wiuinlineContent\" data-testid=\"inline-content\">\n<div data-mesh-id=\"comp-m9xi7f215__item-kemq3wiuinlineContent-gridContainer\" data-testid=\"mesh-container-content\">\n<div id=\"comp-m9xi7f254__item-kemq3wiu\" class=\"HcOXKn c9GqVL QxJLC3 lq2cno YQcXTT comp-m9xi7f254 wixui-rich-text\" data-testid=\"richTextElement\">\n<h3 class=\"font_5 wixui-rich-text__text\"><span class=\"wixui-rich-text__text\">Lista de \u201cSmart Shopping\u201d<\/span><\/h3>\n<\/div>\n<div id=\"comp-m9xi7f263__item-kemq3wiu\" class=\"HcOXKn c9GqVL QxJLC3 lq2cno YQcXTT comp-m9xi7f263 wixui-rich-text\" data-testid=\"richTextElement\">\n<p class=\"font_8 wixui-rich-text__text\"><span class=\"wixui-rich-text__text\">Identificamos las piezas clave que te faltan para completar tu cl\u00f3set, asegur\u00e1ndonos de que compres solo lo necesario y sin gastar de m\u00e1s.<\/span><\/p>\n<\/div>\n<\/div>\n<\/div>\n<\/div>\n<\/div>\n<\/div>\n","protected":false},"excerpt":{"rendered":"<p class=\"font_8 wixui-rich-text__text\"><strong><span class=\"wixui-rich-text__text\">Lo esencial permanece, lo dem\u00e1s se libera.<br \/>\nPresencial<br \/>\n<\/span><\/strong><\/p>\n<p class=\"font_8 wixui-rich-text__text\"><span class=\"wixui-rich-text__text\">Realizaremos una revisi\u00f3n profunda de tu ropa, zapatos y accesorios para eliminar lo que ya no usas, lo que no te favorece o lo que no refleja tu estilo actual.<\/span><\/p>\n<p class=\"font_8 wixui-rich-text__text\"><span class=\"wixui-rich-text__text\">El objetivo es que te quedes \u00fanicamente con las piezas que realmente amas, te hacen sentir bien y se adaptan a tu estilo de vida.<\/span><\/p>\n","protected":false},"featured_media":777,"comment_status":"open","ping_status":"closed","template":"","meta":[],"product_brand":[],"product_cat":[30],"product_tag":[],"class_list":{"0":"post-287","1":"product","2":"type-product","3":"status-publish","4":"has-post-thumbnail","6":"product_cat-the-closet-detox","8":"first","9":"instock","10":"virtual","11":"taxable","12":"purchasable","13":"product-type-simple"},"jetpack_sharing_enabled":true,"_links":{"self":[{"href":"https:\/\/whattowearstudio.com\/index.php\/wp-json\/wp\/v2\/product\/287","targetHints":{"allow":["GET"]}}],"collection":[{"href":"https:\/\/whattowearstudio.com\/index.php\/wp-json\/wp\/v2\/product"}],"about":[{"href":"https:\/\/whattowearstudio.com\/index.php\/wp-json\/wp\/v2\/types\/product"}],"replies":[{"embeddable":true,"href":"https:\/\/whattowearstudio.com\/index.php\/wp-json\/wp\/v2\/comments?post=287"}],"wp:featuredmedia":[{"embeddable":true,"href":"https:\/\/whattowearstudio.com\/index.php\/wp-json\/wp\/v2\/media\/777"}],"wp:attachment":[{"href":"https:\/\/whattowearstudio.com\/index.php\/wp-json\/wp\/v2\/media?parent=287"}],"wp:term":[{"taxonomy":"product_brand","embeddable":true,"href":"https:\/\/whattowearstudio.com\/index.php\/wp-json\/wp\/v2\/product_brand?post=287"},{"taxonomy":"product_cat","embeddable":true,"href":"https:\/\/whattowearstudio.com\/index.php\/wp-json\/wp\/v2\/product_cat?post=287"},{"taxonomy":"product_tag","embeddable":true,"href":"https:\/\/whattowearstudio.com\/index.php\/wp-json\/wp\/v2\/product_tag?post=287"}],"curies":[{"name":"wp","href":"https:\/\/api.w.org\/{rel}","templated":true}]}}