{"id":290,"date":"2021-04-12T16:47:14","date_gmt":"2021-04-12T16:47:14","guid":{"rendered":"https:\/\/startersites.io\/blocksy\/homi\/?post_type=product&#038;p=290"},"modified":"2025-05-04T16:51:15","modified_gmt":"2025-05-04T21:51:15","slug":"the-occasion","status":"publish","type":"product","link":"https:\/\/whattowearstudio.com\/index.php\/producto\/the-occasion\/","title":{"rendered":"The Occasion"},"content":{"rendered":"<div id=\"comp-m9xhtp5w7\" class=\"HcOXKn c9GqVL QxJLC3 lq2cno YQcXTT comp-m9xhtp5w7 wixui-rich-text\" data-testid=\"richTextElement\">\n<h2 class=\"font_2 wixui-rich-text__text\"><span class=\"wixui-rich-text__text\">Esto es lo que necesitas saber sobre este servicio.<\/span><\/h2>\n<\/div>\n<div id=\"comp-m9xhtp5x4\" class=\"comp-m9xhtp5x4 wixui-repeater\">\n<div id=\"comp-m9xhtp5x4_wrapper\" class=\"o6oDlF\">\n<div id=\"comp-m9xhtp5y5__item1\" class=\"comp-m9xhtp5y5 YzqVVZ wixui-repeater__item\" role=\"listitem\">\n<div class=\"\" data-mesh-id=\"comp-m9xhtp5y5__item1inlineContent\" data-testid=\"inline-content\">\n<div data-mesh-id=\"comp-m9xhtp5y5__item1inlineContent-gridContainer\" data-testid=\"mesh-container-content\">\n<div id=\"comp-m9xhtp614__item1\" class=\"HcOXKn c9GqVL QxJLC3 lq2cno YQcXTT comp-m9xhtp614 wixui-rich-text\" data-testid=\"richTextElement\">\n<h3 class=\"font_5 wixui-rich-text__text\"><span class=\"wixui-rich-text__text\">An\u00e1lisis del evento<\/span><\/h3>\n<\/div>\n<div id=\"comp-m9xhtp641__item1\" class=\"HcOXKn c9GqVL QxJLC3 lq2cno YQcXTT comp-m9xhtp641 wixui-rich-text\" data-testid=\"richTextElement\">\n<p class=\"font_9 wixui-rich-text__text\"><span class=\"wixui-rich-text__text\">Investigamos las caracter\u00edsticas espec\u00edficas del evento: si es formal, casual, de d\u00eda o de noche. Con esta informaci\u00f3n, seleccionamos el atuendo perfecto que te har\u00e1 destacar en cada ocasi\u00f3n.<\/span><\/p>\n<\/div>\n<\/div>\n<\/div>\n<\/div>\n<div id=\"comp-m9xhtp5y5__item2\" class=\"comp-m9xhtp5y5 YzqVVZ wixui-repeater__item\" role=\"listitem\">\n<div class=\"\" data-mesh-id=\"comp-m9xhtp5y5__item2inlineContent\" data-testid=\"inline-content\">\n<div data-mesh-id=\"comp-m9xhtp5y5__item2inlineContent-gridContainer\" data-testid=\"mesh-container-content\">\n<div id=\"comp-m9xhtp614__item2\" class=\"HcOXKn c9GqVL QxJLC3 lq2cno YQcXTT comp-m9xhtp614 wixui-rich-text\" data-testid=\"richTextElement\">\n<h3 class=\"font_5 wixui-rich-text__text\"><span class=\"wixui-rich-text__text\">Asesor\u00eda en color y estilo<\/span><\/h3>\n<\/div>\n<div id=\"comp-m9xhtp641__item2\" class=\"HcOXKn c9GqVL QxJLC3 lq2cno YQcXTT comp-m9xhtp641 wixui-rich-text\" data-testid=\"richTextElement\">\n<p class=\"font_8 wixui-rich-text__text\"><span class=\"wixui-rich-text__text\">Elegimos los colores que te favorecen y sean acore a tu estilo, potenciando tu imagen utilizando prendas que se adapten a las condiciones del evento\u00a0 para que te sientas seguro\/a\u00a0 y c\u00f3modo\/a.<\/span><\/p>\n<\/div>\n<\/div>\n<\/div>\n<\/div>\n<div id=\"comp-m9xhtp5y5__item3\" class=\"comp-m9xhtp5y5 YzqVVZ wixui-repeater__item\" role=\"listitem\">\n<div class=\"\" data-mesh-id=\"comp-m9xhtp5y5__item3inlineContent\" data-testid=\"inline-content\">\n<div data-mesh-id=\"comp-m9xhtp5y5__item3inlineContent-gridContainer\" data-testid=\"mesh-container-content\">\n<div id=\"comp-m9xhtp614__item3\" class=\"HcOXKn c9GqVL QxJLC3 lq2cno YQcXTT comp-m9xhtp614 wixui-rich-text\" data-testid=\"richTextElement\">\n<h3 class=\"font_5 wixui-rich-text__text\"><span class=\"wixui-rich-text__text\">Prueba de outfit<\/span><\/h3>\n<\/div>\n<div id=\"comp-m9xhtp641__item3\" class=\"HcOXKn c9GqVL QxJLC3 lq2cno YQcXTT comp-m9xhtp641 wixui-rich-text\" data-testid=\"richTextElement\">\n<ul class=\"font_8 wix-list-text-align wixui-rich-text__text\">\n<li class=\"wixui-rich-text__text\">\n<p class=\"font_8 wixui-rich-text__text\"><span class=\"wixui-rich-text__text\">Antes del evento, realizamos una prueba final para asegurarnos de que todo combine a la perfecci\u00f3n.<\/span><\/p>\n<\/li>\n<li class=\"wixui-rich-text__text\">\n<p class=\"font_8 wixui-rich-text__text\"><span class=\"wixui-rich-text__text\">Te garantizo que tu look ser\u00e1 impecable y acorde a la ocasi\u00f3n.<\/span><\/p>\n<\/li>\n<\/ul>\n<\/div>\n<\/div>\n<\/div>\n<\/div>\n<div id=\"comp-m9xhtp5y5__item-kemq3wiu\" class=\"comp-m9xhtp5y5 YzqVVZ wixui-repeater__item\" role=\"listitem\">\n<div class=\"\" data-mesh-id=\"comp-m9xhtp5y5__item-kemq3wiuinlineContent\" data-testid=\"inline-content\">\n<div data-mesh-id=\"comp-m9xhtp5y5__item-kemq3wiuinlineContent-gridContainer\" data-testid=\"mesh-container-content\">\n<div id=\"comp-m9xhtp614__item-kemq3wiu\" class=\"HcOXKn c9GqVL QxJLC3 lq2cno YQcXTT comp-m9xhtp614 wixui-rich-text\" data-testid=\"richTextElement\">\n<h3 class=\"font_5 wixui-rich-text__text\"><span class=\"wixui-rich-text__text\">Selecci\u00f3n de ropa y accesorios<\/span><\/h3>\n<\/div>\n<div id=\"comp-m9xhtp641__item-kemq3wiu\" class=\"HcOXKn c9GqVL QxJLC3 lq2cno YQcXTT comp-m9xhtp641 wixui-rich-text\" data-testid=\"richTextElement\">\n<p class=\"font_8 wixui-rich-text__text\"><span class=\"wixui-rich-text__text\">Te ayudo a elegir las prendas que no solo favorecen tu cuerpo, sino que tambi\u00e9n reflejan tu personalidad y estilo \u00fanico.<\/span><\/p>\n<\/div>\n<\/div>\n<\/div>\n<\/div>\n<div id=\"comp-m9xhtp5y5__item-m9xgptlk\" class=\"comp-m9xhtp5y5 YzqVVZ wixui-repeater__item\" role=\"listitem\">\n<div class=\"\" data-mesh-id=\"comp-m9xhtp5y5__item-m9xgptlkinlineContent\" data-testid=\"inline-content\">\n<div data-mesh-id=\"comp-m9xhtp5y5__item-m9xgptlkinlineContent-gridContainer\" data-testid=\"mesh-container-content\">\n<div id=\"comp-m9xhtp614__item-m9xgptlk\" class=\"HcOXKn c9GqVL QxJLC3 lq2cno YQcXTT comp-m9xhtp614 wixui-rich-text\" data-testid=\"richTextElement\">\n<h3 class=\"font_5 wixui-rich-text__text\"><span class=\"wixui-rich-text__text\">Maquillaje y peinado (opcional)<\/span><\/h3>\n<\/div>\n<div id=\"comp-m9xhtp641__item-m9xgptlk\" class=\"HcOXKn c9GqVL QxJLC3 lq2cno YQcXTT comp-m9xhtp641 wixui-rich-text\" data-testid=\"richTextElement\">\n<p class=\"font_9 wixui-rich-text__text\"><span class=\"wixui-rich-text__text\">Complementamos tu look con <strong>sugerencias<\/strong> de maquillaje y peinado para asegurar que te veas impecable y con una presencia deslumbrante.<\/span><\/p>\n<\/div>\n<\/div>\n<\/div>\n<\/div>\n<\/div>\n<\/div>\n","protected":false},"excerpt":{"rendered":"<p class=\"font_8 wixui-rich-text__text\"><strong><span class=\"wixui-rich-text__text\">Asesor\u00eda por evento.<br \/>\nPresencial<br \/>\n<\/span><\/strong><\/p>\n<p class=\"font_8 wixui-rich-text__text\"><span class=\"wixui-rich-text__text\">Te acompa\u00f1ar\u00e9 en la elecci\u00f3n del outfit ideal para cualquier ocasi\u00f3n, respetando\u00a0 tu estilo y objetivo, asegur\u00e1ndonos que la imagen que deseas proyectar este perfectamente alineada con el evento.<\/span><\/p>\n","protected":false},"featured_media":776,"comment_status":"open","ping_status":"closed","template":"","meta":[],"product_brand":[],"product_cat":[29],"product_tag":[],"class_list":{"0":"post-290","1":"product","2":"type-product","3":"status-publish","4":"has-post-thumbnail","6":"product_cat-the-occasion","8":"first","9":"instock","10":"virtual","11":"taxable","12":"purchasable","13":"product-type-simple"},"jetpack_sharing_enabled":true,"_links":{"self":[{"href":"https:\/\/whattowearstudio.com\/index.php\/wp-json\/wp\/v2\/product\/290","targetHints":{"allow":["GET"]}}],"collection":[{"href":"https:\/\/whattowearstudio.com\/index.php\/wp-json\/wp\/v2\/product"}],"about":[{"href":"https:\/\/whattowearstudio.com\/index.php\/wp-json\/wp\/v2\/types\/product"}],"replies":[{"embeddable":true,"href":"https:\/\/whattowearstudio.com\/index.php\/wp-json\/wp\/v2\/comments?post=290"}],"wp:featuredmedia":[{"embeddable":true,"href":"https:\/\/whattowearstudio.com\/index.php\/wp-json\/wp\/v2\/media\/776"}],"wp:attachment":[{"href":"https:\/\/whattowearstudio.com\/index.php\/wp-json\/wp\/v2\/media?parent=290"}],"wp:term":[{"taxonomy":"product_brand","embeddable":true,"href":"https:\/\/whattowearstudio.com\/index.php\/wp-json\/wp\/v2\/product_brand?post=290"},{"taxonomy":"product_cat","embeddable":true,"href":"https:\/\/whattowearstudio.com\/index.php\/wp-json\/wp\/v2\/product_cat?post=290"},{"taxonomy":"product_tag","embeddable":true,"href":"https:\/\/whattowearstudio.com\/index.php\/wp-json\/wp\/v2\/product_tag?post=290"}],"curies":[{"name":"wp","href":"https:\/\/api.w.org\/{rel}","templated":true}]}}