{"id":577,"date":"2021-04-13T21:08:54","date_gmt":"2021-04-13T21:08:54","guid":{"rendered":"https:\/\/startersites.io\/blocksy\/homi\/?post_type=product&#038;p=577"},"modified":"2025-05-04T16:50:29","modified_gmt":"2025-05-04T21:50:29","slug":"the-chroma","status":"publish","type":"product","link":"https:\/\/whattowearstudio.com\/index.php\/producto\/the-chroma\/","title":{"rendered":"The Chroma"},"content":{"rendered":"<div id=\"comp-m9xhmdc42\" class=\"HcOXKn c9GqVL QxJLC3 lq2cno YQcXTT comp-m9xhmdc42 wixui-rich-text\" data-testid=\"richTextElement\">\n<h2 class=\"font_2 wixui-rich-text__text\"><span class=\"wixui-rich-text__text\">Esto es lo que necesitas saber sobre este servicio.<\/span><\/h2>\n<\/div>\n<div id=\"comp-m9xhmdc51\" class=\"comp-m9xhmdc51 wixui-repeater\">\n<div id=\"comp-m9xhmdc51_wrapper\" class=\"o6oDlF\">\n<div id=\"comp-m9xhmdc65__item1\" class=\"comp-m9xhmdc65 YzqVVZ wixui-repeater__item\" role=\"listitem\">\n<div class=\"\" data-mesh-id=\"comp-m9xhmdc65__item1inlineContent\" data-testid=\"inline-content\">\n<div data-mesh-id=\"comp-m9xhmdc65__item1inlineContent-gridContainer\" data-testid=\"mesh-container-content\">\n<div id=\"comp-m9xhmdca__item1\" class=\"HcOXKn c9GqVL QxJLC3 lq2cno YQcXTT comp-m9xhmdca wixui-rich-text\" data-testid=\"richTextElement\">\n<h3 class=\"font_5 wixui-rich-text__text\"><span class=\"wixui-rich-text__text\">An\u00e1lisis de ojos, piel y pelo<\/span><\/h3>\n<\/div>\n<div id=\"comp-m9xhmdcb1__item1\" class=\"HcOXKn c9GqVL QxJLC3 lq2cno YQcXTT comp-m9xhmdcb1 wixui-rich-text\" data-testid=\"richTextElement\">\n<p class=\"font_9 wixui-rich-text__text\"><span class=\"wixui-rich-text__text\">Evaluamos en detalle el tono de tu piel, ojos y cabello para determinar si perteneces a una categor\u00eda c\u00e1lida, fr\u00eda o neutra.<\/span><\/p>\n<\/div>\n<\/div>\n<\/div>\n<\/div>\n<div id=\"comp-m9xhmdc65__item2\" class=\"comp-m9xhmdc65 YzqVVZ wixui-repeater__item\" role=\"listitem\">\n<div class=\"\" data-mesh-id=\"comp-m9xhmdc65__item2inlineContent\" data-testid=\"inline-content\">\n<div data-mesh-id=\"comp-m9xhmdc65__item2inlineContent-gridContainer\" data-testid=\"mesh-container-content\">\n<div id=\"comp-m9xhmdca__item2\" class=\"HcOXKn c9GqVL QxJLC3 lq2cno YQcXTT comp-m9xhmdca wixui-rich-text\" data-testid=\"richTextElement\">\n<h3 class=\"font_5 wixui-rich-text__text\"><span class=\"wixui-rich-text__text\">Prueba con drapeados<\/span><\/h3>\n<\/div>\n<div id=\"comp-m9xhmdcb1__item2\" class=\"HcOXKn c9GqVL QxJLC3 lq2cno YQcXTT comp-m9xhmdcb1 wixui-rich-text\" data-testid=\"richTextElement\">\n<p class=\"font_8 wixui-rich-text__text\"><span class=\"wixui-rich-text__text\">Probamos una selecci\u00f3n de telas en una variedad de colores cerca de tu rostro. Observamos cu\u00e1les te iluminan y resaltan tus facciones, y cu\u00e1les pueden hacerte ver cansado\/a o restar luminosidad a tu piel.<\/span><\/p>\n<\/div>\n<\/div>\n<\/div>\n<\/div>\n<div id=\"comp-m9xhmdc65__item3\" class=\"comp-m9xhmdc65 YzqVVZ wixui-repeater__item\" role=\"listitem\">\n<div class=\"\" data-mesh-id=\"comp-m9xhmdc65__item3inlineContent\" data-testid=\"inline-content\">\n<div data-mesh-id=\"comp-m9xhmdc65__item3inlineContent-gridContainer\" data-testid=\"mesh-container-content\">\n<div id=\"comp-m9xhmdca__item3\" class=\"HcOXKn c9GqVL QxJLC3 lq2cno YQcXTT comp-m9xhmdca wixui-rich-text\" data-testid=\"richTextElement\">\n<h3 class=\"font_5 wixui-rich-text__text\"><span class=\"wixui-rich-text__text\">Estaci\u00f3n y paleta de colores:<\/span><\/h3>\n<\/div>\n<div id=\"comp-m9xhmdcb1__item3\" class=\"HcOXKn c9GqVL QxJLC3 lq2cno YQcXTT comp-m9xhmdcb1 wixui-rich-text\" data-testid=\"richTextElement\">\n<ul class=\"font_8 wix-list-text-align wixui-rich-text__text\">\n<li class=\"wixui-rich-text__text\">\n<p class=\"font_8 wixui-rich-text__text\"><span class=\"wixui-rich-text__text\">Descubre a qu\u00e9 estaci\u00f3n perteneces y obt\u00e9n una paleta de colores exclusiva, dise\u00f1ada especialmente para ti.<\/span><\/p>\n<\/li>\n<li class=\"wixui-rich-text__text\">\n<p class=\"font_8 wixui-rich-text__text\"><span class=\"wixui-rich-text__text\">Te entregamos tu paleta en formato digital para que la lleves siempre contigo, y tambi\u00e9n una tarjeta f\u00edsica para que puedas consultarla f\u00e1cilmente en cualquier momento.<\/span><\/p>\n<\/li>\n<\/ul>\n<\/div>\n<\/div>\n<\/div>\n<\/div>\n<div id=\"comp-m9xhmdc65__item-kemq3wiu\" class=\"comp-m9xhmdc65 YzqVVZ wixui-repeater__item\" role=\"listitem\">\n<div class=\"\" data-mesh-id=\"comp-m9xhmdc65__item-kemq3wiuinlineContent\" data-testid=\"inline-content\">\n<div data-mesh-id=\"comp-m9xhmdc65__item-kemq3wiuinlineContent-gridContainer\" data-testid=\"mesh-container-content\">\n<div id=\"comp-m9xhmdca__item-kemq3wiu\" class=\"HcOXKn c9GqVL QxJLC3 lq2cno YQcXTT comp-m9xhmdca wixui-rich-text\" data-testid=\"richTextElement\">\n<h3 class=\"font_5 wixui-rich-text__text\"><span class=\"wixui-rich-text__text\">Recomendaciones<\/span><\/h3>\n<\/div>\n<div id=\"comp-m9xhmdcb1__item-kemq3wiu\" class=\"HcOXKn c9GqVL QxJLC3 lq2cno YQcXTT comp-m9xhmdcb1 wixui-rich-text\" data-testid=\"richTextElement\">\n<ul class=\"font_8 wix-list-text-align wixui-rich-text__text\">\n<li class=\"wixui-rich-text__text\">\n<p class=\"font_8 wixui-rich-text__text\"><span class=\"wixui-rich-text__text\">Adem\u00e1s de la paleta personalizada, recibir\u00e1s una orientaci\u00f3n sobre qu\u00e9 colores elegir para tu vestuario, accesorios, pelo y maquillaje, asegurando que tu estilo sea siempre impecable y acorde a tu colorimetr\u00eda.<\/span><\/p>\n<\/li>\n<li class=\"wixui-rich-text__text\">\n<p class=\"font_8 wixui-rich-text__text\"><span class=\"wixui-rich-text__text\">Cu\u00e1les son tus colores neutros, acentos, entre otros.<\/span><\/p>\n<\/li>\n<\/ul>\n<\/div>\n<\/div>\n<\/div>\n<\/div>\n<\/div>\n<\/div>\n","protected":false},"excerpt":{"rendered":"<p class=\"font_8 wixui-rich-text__text\"><strong><span class=\"wixui-rich-text__text\">Estudio de colorimetr\u00eda.<br \/>\nPresencial<br \/>\n<\/span><\/strong><\/p>\n<p class=\"font_8 wixui-rich-text__text\"><span class=\"wixui-rich-text__text\">Descubre los colores que te hacen brillar seg\u00fan el tono de tu piel, pelo y ojos.<\/span><\/p>\n<p class=\"font_8 wixui-rich-text__text\"><span class=\"wixui-rich-text__text\">Con este an\u00e1lisis, podr\u00e1s potenciar tu imagen y resaltar lo mejor de ti.<\/span><\/p>\n","protected":false},"featured_media":775,"comment_status":"open","ping_status":"closed","template":"","meta":[],"product_brand":[],"product_cat":[28],"product_tag":[],"class_list":{"0":"post-577","1":"product","2":"type-product","3":"status-publish","4":"has-post-thumbnail","6":"product_cat-the-chroma","8":"first","9":"instock","10":"virtual","11":"taxable","12":"purchasable","13":"product-type-simple"},"jetpack_sharing_enabled":true,"_links":{"self":[{"href":"https:\/\/whattowearstudio.com\/index.php\/wp-json\/wp\/v2\/product\/577","targetHints":{"allow":["GET"]}}],"collection":[{"href":"https:\/\/whattowearstudio.com\/index.php\/wp-json\/wp\/v2\/product"}],"about":[{"href":"https:\/\/whattowearstudio.com\/index.php\/wp-json\/wp\/v2\/types\/product"}],"replies":[{"embeddable":true,"href":"https:\/\/whattowearstudio.com\/index.php\/wp-json\/wp\/v2\/comments?post=577"}],"wp:featuredmedia":[{"embeddable":true,"href":"https:\/\/whattowearstudio.com\/index.php\/wp-json\/wp\/v2\/media\/775"}],"wp:attachment":[{"href":"https:\/\/whattowearstudio.com\/index.php\/wp-json\/wp\/v2\/media?parent=577"}],"wp:term":[{"taxonomy":"product_brand","embeddable":true,"href":"https:\/\/whattowearstudio.com\/index.php\/wp-json\/wp\/v2\/product_brand?post=577"},{"taxonomy":"product_cat","embeddable":true,"href":"https:\/\/whattowearstudio.com\/index.php\/wp-json\/wp\/v2\/product_cat?post=577"},{"taxonomy":"product_tag","embeddable":true,"href":"https:\/\/whattowearstudio.com\/index.php\/wp-json\/wp\/v2\/product_tag?post=577"}],"curies":[{"name":"wp","href":"https:\/\/api.w.org\/{rel}","templated":true}]}}