{"id":579,"date":"2021-04-13T21:13:24","date_gmt":"2021-04-13T21:13:24","guid":{"rendered":"https:\/\/startersites.io\/blocksy\/homi\/?post_type=product&#038;p=579"},"modified":"2025-05-04T14:55:28","modified_gmt":"2025-05-04T19:55:28","slug":"the-mini-essence","status":"publish","type":"product","link":"https:\/\/whattowearstudio.com\/index.php\/producto\/the-mini-essence\/","title":{"rendered":"The Mini Essence"},"content":{"rendered":"<div id=\"comp-m9xhgrkf7\" class=\"HcOXKn c9GqVL QxJLC3 lq2cno YQcXTT comp-m9xhgrkf7 wixui-rich-text\" data-testid=\"richTextElement\">\n<h2 class=\"font_2 wixui-rich-text__text\"><span class=\"wixui-rich-text__text\">Esto es lo que necesitas saber sobre este servicio.<\/span><\/h2>\n<\/div>\n<div id=\"comp-m9xhgrkg4\" class=\"comp-m9xhgrkg4 wixui-repeater\">\n<div id=\"comp-m9xhgrkg4_wrapper\" class=\"o6oDlF\">\n<div id=\"comp-m9xhgrki__item1\" class=\"comp-m9xhgrki YzqVVZ wixui-repeater__item\" role=\"listitem\">\n<div class=\"\" data-mesh-id=\"comp-m9xhgrki__item1inlineContent\" data-testid=\"inline-content\">\n<div data-mesh-id=\"comp-m9xhgrki__item1inlineContent-gridContainer\" data-testid=\"mesh-container-content\">\n<div id=\"comp-m9xhgrkm__item1\" class=\"HcOXKn c9GqVL QxJLC3 lq2cno YQcXTT comp-m9xhgrkm wixui-rich-text\" data-testid=\"richTextElement\">\n<h3 class=\"font_5 wixui-rich-text__text\"><span class=\"wixui-rich-text__text\">Descubrimiento de estilo personal<\/span><\/h3>\n<\/div>\n<div id=\"comp-m9xhgrkn__item1\" class=\"HcOXKn c9GqVL QxJLC3 lq2cno YQcXTT comp-m9xhgrkn wixui-rich-text\" data-testid=\"richTextElement\">\n<p class=\"font_9 wixui-rich-text__text\"><span class=\"wixui-rich-text__text\">Identificamos el estilo que mejor refleja qui\u00e9n eres, para que vestir se sienta natural y aut\u00e9ntico. Tu estilo habla de ti. Te ayudo a ponerle nombre y forma a eso que ya eres.<\/span><\/p>\n<\/div>\n<\/div>\n<\/div>\n<\/div>\n<div id=\"comp-m9xhgrki__item2\" class=\"comp-m9xhgrki YzqVVZ wixui-repeater__item\" role=\"listitem\">\n<div class=\"\" data-mesh-id=\"comp-m9xhgrki__item2inlineContent\" data-testid=\"inline-content\">\n<div data-mesh-id=\"comp-m9xhgrki__item2inlineContent-gridContainer\" data-testid=\"mesh-container-content\">\n<div id=\"comp-m9xhgrkm__item2\" class=\"HcOXKn c9GqVL QxJLC3 lq2cno YQcXTT comp-m9xhgrkm wixui-rich-text\" data-testid=\"richTextElement\">\n<h3 class=\"font_5 wixui-rich-text__text\"><span class=\"wixui-rich-text__text\">Resumen Express de Tu Estilo Personal<\/span><\/h3>\n<\/div>\n<div id=\"comp-m9xhgrkn__item2\" class=\"HcOXKn c9GqVL QxJLC3 lq2cno YQcXTT comp-m9xhgrkn wixui-rich-text\" data-testid=\"richTextElement\">\n<p class=\"font_8 wixui-rich-text__text\"><span class=\"wixui-rich-text__text\">Un mini resumen descargable del estilo que te define con palabras clave, colores, cortes, tejidos y ejemplos de prendas.<\/span><\/p>\n<\/div>\n<\/div>\n<\/div>\n<\/div>\n<div id=\"comp-m9xhgrki__item3\" class=\"comp-m9xhgrki YzqVVZ wixui-repeater__item\" role=\"listitem\">\n<div class=\"\" data-mesh-id=\"comp-m9xhgrki__item3inlineContent\" data-testid=\"inline-content\">\n<div data-mesh-id=\"comp-m9xhgrki__item3inlineContent-gridContainer\" data-testid=\"mesh-container-content\">\n<div id=\"comp-m9xhgrkm__item3\" class=\"HcOXKn c9GqVL QxJLC3 lq2cno YQcXTT comp-m9xhgrkm wixui-rich-text\" data-testid=\"richTextElement\">\n<h3 class=\"font_5 wixui-rich-text__text\"><span class=\"wixui-rich-text__text\">Mood Board<\/span><\/h3>\n<\/div>\n<div id=\"comp-m9xhgrkn__item3\" class=\"HcOXKn c9GqVL QxJLC3 lq2cno YQcXTT comp-m9xhgrkn wixui-rich-text\" data-testid=\"richTextElement\">\n<p class=\"font_9 wixui-rich-text__text\"><span class=\"wixui-rich-text__text\">Creamos un mood board con referencias visuales alineadas contigo: celebridades, est\u00e9ticas, siluetas, colores y moods que conectan con tu esencia. Esta gu\u00eda te servir\u00e1 como punto de inspiraci\u00f3n<\/span><\/p>\n<\/div>\n<\/div>\n<\/div>\n<\/div>\n<div id=\"comp-m9xhgrki__item-kemq3wiu\" class=\"comp-m9xhgrki YzqVVZ wixui-repeater__item\" role=\"listitem\">\n<div class=\"\" data-mesh-id=\"comp-m9xhgrki__item-kemq3wiuinlineContent\" data-testid=\"inline-content\">\n<div data-mesh-id=\"comp-m9xhgrki__item-kemq3wiuinlineContent-gridContainer\" data-testid=\"mesh-container-content\">\n<div id=\"comp-m9xhgrkm__item-kemq3wiu\" class=\"HcOXKn c9GqVL QxJLC3 lq2cno YQcXTT comp-m9xhgrkm wixui-rich-text\" data-testid=\"richTextElement\">\n<h3 class=\"font_5 wixui-rich-text__text\"><span class=\"wixui-rich-text__text\">Recomendaciones<\/span><\/h3>\n<\/div>\n<div id=\"comp-m9xhgrkn__item-kemq3wiu\" class=\"HcOXKn c9GqVL QxJLC3 lq2cno YQcXTT comp-m9xhgrkn wixui-rich-text\" data-testid=\"richTextElement\">\n<ul class=\"font_8 wix-list-text-align wixui-rich-text__text\">\n<li class=\"wixui-rich-text__text\">\n<p class=\"font_8 wixui-rich-text__text\"><span class=\"wixui-rich-text__text\">Haremos una selecci\u00f3n personalizada de marcas que se alinean con tu estilo, presupuesto y estilo de vida.<\/span><\/p>\n<\/li>\n<li class=\"wixui-rich-text__text\">\n<p class=\"font_8 wixui-rich-text__text\"><span class=\"wixui-rich-text__text\">+ Tips destacados seg\u00fan tu estilo.<\/span><\/p>\n<\/li>\n<\/ul>\n<\/div>\n<\/div>\n<\/div>\n<\/div>\n<\/div>\n<\/div>\n","protected":false},"excerpt":{"rendered":"<p class=\"font_8 wixui-rich-text__text\"><strong><span class=\"wixui-rich-text__text\">Tu estilo con una gu\u00eda express.<br \/>\nEste es un servicio virtual.<\/span><\/strong><\/p>\n<p class=\"font_8 wixui-rich-text__text\"><span class=\"wixui-rich-text__text\">En solo 45 minutos de manera virtual, obtendr\u00e1s una gu\u00eda personalizada que resume lo esencial de tu estilo, con recomendaciones que puedes aplicar de inmediato para empezar a vestirte con m\u00e1s intenci\u00f3n y seguridad.<\/span><\/p>\n","protected":false},"featured_media":853,"comment_status":"open","ping_status":"closed","template":"","meta":[],"product_brand":[],"product_cat":[49],"product_tag":[],"class_list":{"0":"post-579","1":"product","2":"type-product","3":"status-publish","4":"has-post-thumbnail","6":"product_cat-the-mini-essence","8":"first","9":"instock","10":"virtual","11":"taxable","12":"purchasable","13":"product-type-simple"},"jetpack_sharing_enabled":true,"_links":{"self":[{"href":"https:\/\/whattowearstudio.com\/index.php\/wp-json\/wp\/v2\/product\/579","targetHints":{"allow":["GET"]}}],"collection":[{"href":"https:\/\/whattowearstudio.com\/index.php\/wp-json\/wp\/v2\/product"}],"about":[{"href":"https:\/\/whattowearstudio.com\/index.php\/wp-json\/wp\/v2\/types\/product"}],"replies":[{"embeddable":true,"href":"https:\/\/whattowearstudio.com\/index.php\/wp-json\/wp\/v2\/comments?post=579"}],"wp:featuredmedia":[{"embeddable":true,"href":"https:\/\/whattowearstudio.com\/index.php\/wp-json\/wp\/v2\/media\/853"}],"wp:attachment":[{"href":"https:\/\/whattowearstudio.com\/index.php\/wp-json\/wp\/v2\/media?parent=579"}],"wp:term":[{"taxonomy":"product_brand","embeddable":true,"href":"https:\/\/whattowearstudio.com\/index.php\/wp-json\/wp\/v2\/product_brand?post=579"},{"taxonomy":"product_cat","embeddable":true,"href":"https:\/\/whattowearstudio.com\/index.php\/wp-json\/wp\/v2\/product_cat?post=579"},{"taxonomy":"product_tag","embeddable":true,"href":"https:\/\/whattowearstudio.com\/index.php\/wp-json\/wp\/v2\/product_tag?post=579"}],"curies":[{"name":"wp","href":"https:\/\/api.w.org\/{rel}","templated":true}]}}